{"id":5,"date":"2018-03-05T13:53:22","date_gmt":"2018-03-05T13:53:22","guid":{"rendered":"http:\/\/anwalt.mikado-themes.com\/?page_id=5"},"modified":"2023-01-27T20:39:45","modified_gmt":"2023-01-27T20:39:45","slug":"headings","status":"publish","type":"page","link":"https:\/\/icl.legal\/index.php\/elements\/headings\/","title":{"rendered":"Investimet e huaja"},"content":{"rendered":"<p>[vc_section][vc_row][vc_column width=&#8221;1\/4&#8243;][vc_single_image image=&#8221;1508&#8243; img_size=&#8221;400&#215;300&#8243;][\/vc_column][vc_column width=&#8221;1\/2&#8243;][vc_column_text]<\/p>\n<h5><strong>Investimet e huaja dhe bashkimin e korporatave<\/strong><\/h5>\n<h5>Siguria juridike dhe evitimi i procedurave burakratike p\u00ebr Investitor\u00ebt e huaj \u00ebsht\u00eb m\u00eb se e domosdoshme, andaj p\u00ebrmes sh\u00ebrbimeve tona profesionale b\u00ebjm\u00eb q\u00eb Kosova t\u00eb jet\u00eb ambient i pranuesh\u00ebm p\u00ebr investitor\u00ebt e huaj p\u00ebr t\u00eb b\u00ebr\u00eb biznes.<\/h5>\n<h5>Bashkimi i kapitalit p\u00ebrmes investimeve t\u00eb p\u00ebrbashk\u00ebta brenda dhe jasht\u00eb Kosov\u00ebs duke krijuar Korporata t\u00eb reja, realizohet p\u00ebrmes procesit ligjor, dhe ekipi yn\u00eb ofron sh\u00ebrbime profesionale.<\/h5>\n<h5>Po ashtu ofrojm\u00eb siguri juridike p\u00ebr investimet tuaja jasht\u00eb Kosov\u00ebs, n\u00eb vendet e BE-s\u00eb dhe m\u00eb gj\u00ebr\u00eb. N\u00eb k\u00ebto raste ofrojm\u00eb themelimin dhe regjistrimin e bizneseve konform legjislacionit te vendit te huaj.<\/h5>\n<p>[\/vc_column_text][\/vc_column][vc_column width=&#8221;1\/4&#8243;]<div class=\"mkdf-tabs  mkdf-tabs-simple\">\n\t<ul class=\"mkdf-tabs-nav clearfix\">\n\t\t\t\t\t<li>\n\t\t\t\t\t\t\t\t\t<a href=\"#tab-sherbimet-te-tjera\">Sh\u00ebrbimet t\u00eb tjera<\/a>\n\t\t\t\t\t\t\t<\/li>\n\t\t\t<\/ul>\n\t<div class=\"mkdf-tab-container\" id=\"tab-sherbimet-te-tjera-10\"><a itemprop=\"url\" href=\"https:\/\/icl.legal\/index.php\/elements\/headings-2-2\/?preview=true\" target=\"_self\"  class=\"mkdf-btn mkdf-btn-medium mkdf-btn-outline\"  >\n    <span class=\"mkdf-btn-text\">Civile<\/span>\n\t<\/a><a itemprop=\"url\" href=\"https:\/\/icl.legal\/index.php\/elements\/headings-2\/?preview=true\" target=\"_self\"  class=\"mkdf-btn mkdf-btn-medium mkdf-btn-outline\"  >\n    <span class=\"mkdf-btn-text\">Penale<\/span>\n\t<\/a><a itemprop=\"url\" href=\"https:\/\/icl.legal\/index.php\/elements\/headings-2-2-2-2\/\" target=\"_self\"  class=\"mkdf-btn mkdf-btn-medium mkdf-btn-outline\"  >\n    <span class=\"mkdf-btn-text\">Kushtetuese dhe Asministrative<\/span>\n\t<\/a><a itemprop=\"url\" href=\"https:\/\/icl.legal\/index.php\/elements\/headings-2-2-3\/?preview=true\" target=\"_self\"  class=\"mkdf-btn mkdf-btn-medium mkdf-btn-outline\"  >\n    <span class=\"mkdf-btn-text\">Energjia dhe Minierat<\/span>\n\t<\/a><a itemprop=\"url\" href=\"https:\/\/icl.legal\/index.php\/elements\/headings-2-2-3-2\/?preview=true\" target=\"_self\"  class=\"mkdf-btn mkdf-btn-small mkdf-btn-outline\"  >\n    <span class=\"mkdf-btn-text\">E Drejta Sportive<\/span>\n\t<\/a><a itemprop=\"url\" href=\"https:\/\/icl.legal\/index.php\/elements\/headings-2-2-3-2-2\/?preview=true\" target=\"_self\"  class=\"mkdf-btn mkdf-btn-small mkdf-btn-outline\"  >\n    <span class=\"mkdf-btn-text\">Privatizimet, Shpron\u00ebsimet dhe PPP<\/span>\n\t<\/a><\/div><\/div>[\/vc_column][\/vc_row][\/vc_section]<\/p>\n","protected":false},"excerpt":{"rendered":"<p>[vc_section][vc_row][vc_column width=&#8221;1\/4&#8243;][vc_single_image image=&#8221;1508&#8243; img_size=&#8221;400&#215;300&#8243;][\/vc_column][vc_column width=&#8221;1\/2&#8243;][vc_column_text] Investimet e huaja dhe bashkimin e korporatave Siguria juridike dhe evitimi i procedurave burakratike p\u00ebr Investitor\u00ebt e huaj \u00ebsht\u00eb m\u00eb se e domosdoshme, andaj p\u00ebrmes sh\u00ebrbimeve tona profesionale b\u00ebjm\u00eb q\u00eb Kosova t\u00eb jet\u00eb ambient i pranuesh\u00ebm p\u00ebr investitor\u00ebt e huaj p\u00ebr t\u00eb b\u00ebr\u00eb biznes. Bashkimi i kapitalit p\u00ebrmes investimeve t\u00eb p\u00ebrbashk\u00ebta brenda dhe jasht\u00eb Kosov\u00ebs duke krijuar Korporata t\u00eb reja, realizohet p\u00ebrmes procesit ligjor, dhe ekipi yn\u00eb ofron sh\u00ebrbime profesionale. Po ashtu ofrojm\u00eb siguri juridike p\u00ebr investimet tuaja jasht\u00eb Kosov\u00ebs, n\u00eb vendet e BE-s\u00eb dhe m\u00eb gj\u00ebr\u00eb. N\u00eb k\u00ebto raste ofrojm\u00eb themelimin dhe regjistrimin e [&hellip;]<\/p>\n","protected":false},"author":1,"featured_media":0,"parent":1085,"menu_order":0,"comment_status":"closed","ping_status":"closed","template":"full-width.php","meta":{"footnotes":""},"class_list":["post-5","page","type-page","status-publish","hentry"],"yoast_head":"<!-- This site is optimized with the Yoast SEO plugin v21.0 - https:\/\/yoast.com\/wordpress\/plugins\/seo\/ -->\n<title>Investimet e huaja - ICL Legal<\/title>\n<meta name=\"robots\" content=\"index, follow, max-snippet:-1, max-image-preview:large, max-video-preview:-1\" \/>\n<link rel=\"canonical\" href=\"https:\/\/icl.legal\/index.php\/elements\/headings\/\" \/>\n<meta property=\"og:locale\" content=\"en_US\" \/>\n<meta property=\"og:type\" content=\"article\" \/>\n<meta property=\"og:title\" content=\"Investimet e huaja - ICL Legal\" \/>\n<meta property=\"og:description\" content=\"[vc_section][vc_row][vc_column width=&#8221;1\/4&#8243;][vc_single_image image=&#8221;1508&#8243; img_size=&#8221;400&#215;300&#8243;][\/vc_column][vc_column width=&#8221;1\/2&#8243;][vc_column_text] Investimet e huaja dhe bashkimin e korporatave Siguria juridike dhe evitimi i procedurave burakratike p\u00ebr Investitor\u00ebt e huaj \u00ebsht\u00eb m\u00eb se e domosdoshme, andaj p\u00ebrmes sh\u00ebrbimeve tona profesionale b\u00ebjm\u00eb q\u00eb Kosova t\u00eb jet\u00eb ambient i pranuesh\u00ebm p\u00ebr investitor\u00ebt e huaj p\u00ebr t\u00eb b\u00ebr\u00eb biznes. Bashkimi i kapitalit p\u00ebrmes investimeve t\u00eb p\u00ebrbashk\u00ebta brenda dhe jasht\u00eb Kosov\u00ebs duke krijuar Korporata t\u00eb reja, realizohet p\u00ebrmes procesit ligjor, dhe ekipi yn\u00eb ofron sh\u00ebrbime profesionale. Po ashtu ofrojm\u00eb siguri juridike p\u00ebr investimet tuaja jasht\u00eb Kosov\u00ebs, n\u00eb vendet e BE-s\u00eb dhe m\u00eb gj\u00ebr\u00eb. N\u00eb k\u00ebto raste ofrojm\u00eb themelimin dhe regjistrimin e [&hellip;]\" \/>\n<meta property=\"og:url\" content=\"https:\/\/icl.legal\/index.php\/elements\/headings\/\" \/>\n<meta property=\"og:site_name\" content=\"ICL Legal\" \/>\n<meta property=\"article:modified_time\" content=\"2023-01-27T20:39:45+00:00\" \/>\n<meta name=\"twitter:card\" content=\"summary_large_image\" \/>\n<meta name=\"twitter:label1\" content=\"Est. reading time\" \/>\n\t<meta name=\"twitter:data1\" content=\"2 minutes\" \/>\n<script type=\"application\/ld+json\" class=\"yoast-schema-graph\">{\"@context\":\"https:\/\/schema.org\",\"@graph\":[{\"@type\":\"WebPage\",\"@id\":\"https:\/\/icl.legal\/index.php\/elements\/headings\/\",\"url\":\"https:\/\/icl.legal\/index.php\/elements\/headings\/\",\"name\":\"Investimet e huaja - ICL Legal\",\"isPartOf\":{\"@id\":\"https:\/\/icl.legal\/#website\"},\"datePublished\":\"2018-03-05T13:53:22+00:00\",\"dateModified\":\"2023-01-27T20:39:45+00:00\",\"breadcrumb\":{\"@id\":\"https:\/\/icl.legal\/index.php\/elements\/headings\/#breadcrumb\"},\"inLanguage\":\"en-US\",\"potentialAction\":[{\"@type\":\"ReadAction\",\"target\":[\"https:\/\/icl.legal\/index.php\/elements\/headings\/\"]}]},{\"@type\":\"BreadcrumbList\",\"@id\":\"https:\/\/icl.legal\/index.php\/elements\/headings\/#breadcrumb\",\"itemListElement\":[{\"@type\":\"ListItem\",\"position\":1,\"name\":\"Home\",\"item\":\"https:\/\/icl.legal\/\"},{\"@type\":\"ListItem\",\"position\":2,\"name\":\"Elements\",\"item\":\"https:\/\/icl.legal\/index.php\/elements\/\"},{\"@type\":\"ListItem\",\"position\":3,\"name\":\"Investimet e huaja\"}]},{\"@type\":\"WebSite\",\"@id\":\"https:\/\/icl.legal\/#website\",\"url\":\"https:\/\/icl.legal\/\",\"name\":\"ICL Legal\",\"description\":\"Justice\",\"potentialAction\":[{\"@type\":\"SearchAction\",\"target\":{\"@type\":\"EntryPoint\",\"urlTemplate\":\"https:\/\/icl.legal\/?s={search_term_string}\"},\"query-input\":\"required name=search_term_string\"}],\"inLanguage\":\"en-US\"}]}<\/script>\n<!-- \/ Yoast SEO plugin. -->","yoast_head_json":{"title":"Investimet e huaja - ICL Legal","robots":{"index":"index","follow":"follow","max-snippet":"max-snippet:-1","max-image-preview":"max-image-preview:large","max-video-preview":"max-video-preview:-1"},"canonical":"https:\/\/icl.legal\/index.php\/elements\/headings\/","og_locale":"en_US","og_type":"article","og_title":"Investimet e huaja - ICL Legal","og_description":"[vc_section][vc_row][vc_column width=&#8221;1\/4&#8243;][vc_single_image image=&#8221;1508&#8243; img_size=&#8221;400&#215;300&#8243;][\/vc_column][vc_column width=&#8221;1\/2&#8243;][vc_column_text] Investimet e huaja dhe bashkimin e korporatave Siguria juridike dhe evitimi i procedurave burakratike p\u00ebr Investitor\u00ebt e huaj \u00ebsht\u00eb m\u00eb se e domosdoshme, andaj p\u00ebrmes sh\u00ebrbimeve tona profesionale b\u00ebjm\u00eb q\u00eb Kosova t\u00eb jet\u00eb ambient i pranuesh\u00ebm p\u00ebr investitor\u00ebt e huaj p\u00ebr t\u00eb b\u00ebr\u00eb biznes. Bashkimi i kapitalit p\u00ebrmes investimeve t\u00eb p\u00ebrbashk\u00ebta brenda dhe jasht\u00eb Kosov\u00ebs duke krijuar Korporata t\u00eb reja, realizohet p\u00ebrmes procesit ligjor, dhe ekipi yn\u00eb ofron sh\u00ebrbime profesionale. Po ashtu ofrojm\u00eb siguri juridike p\u00ebr investimet tuaja jasht\u00eb Kosov\u00ebs, n\u00eb vendet e BE-s\u00eb dhe m\u00eb gj\u00ebr\u00eb. N\u00eb k\u00ebto raste ofrojm\u00eb themelimin dhe regjistrimin e [&hellip;]","og_url":"https:\/\/icl.legal\/index.php\/elements\/headings\/","og_site_name":"ICL Legal","article_modified_time":"2023-01-27T20:39:45+00:00","twitter_card":"summary_large_image","twitter_misc":{"Est. reading time":"2 minutes"},"schema":{"@context":"https:\/\/schema.org","@graph":[{"@type":"WebPage","@id":"https:\/\/icl.legal\/index.php\/elements\/headings\/","url":"https:\/\/icl.legal\/index.php\/elements\/headings\/","name":"Investimet e huaja - ICL Legal","isPartOf":{"@id":"https:\/\/icl.legal\/#website"},"datePublished":"2018-03-05T13:53:22+00:00","dateModified":"2023-01-27T20:39:45+00:00","breadcrumb":{"@id":"https:\/\/icl.legal\/index.php\/elements\/headings\/#breadcrumb"},"inLanguage":"en-US","potentialAction":[{"@type":"ReadAction","target":["https:\/\/icl.legal\/index.php\/elements\/headings\/"]}]},{"@type":"BreadcrumbList","@id":"https:\/\/icl.legal\/index.php\/elements\/headings\/#breadcrumb","itemListElement":[{"@type":"ListItem","position":1,"name":"Home","item":"https:\/\/icl.legal\/"},{"@type":"ListItem","position":2,"name":"Elements","item":"https:\/\/icl.legal\/index.php\/elements\/"},{"@type":"ListItem","position":3,"name":"Investimet e huaja"}]},{"@type":"WebSite","@id":"https:\/\/icl.legal\/#website","url":"https:\/\/icl.legal\/","name":"ICL Legal","description":"Justice","potentialAction":[{"@type":"SearchAction","target":{"@type":"EntryPoint","urlTemplate":"https:\/\/icl.legal\/?s={search_term_string}"},"query-input":"required name=search_term_string"}],"inLanguage":"en-US"}]}},"_links":{"self":[{"href":"https:\/\/icl.legal\/index.php\/wp-json\/wp\/v2\/pages\/5","targetHints":{"allow":["GET"]}}],"collection":[{"href":"https:\/\/icl.legal\/index.php\/wp-json\/wp\/v2\/pages"}],"about":[{"href":"https:\/\/icl.legal\/index.php\/wp-json\/wp\/v2\/types\/page"}],"author":[{"embeddable":true,"href":"https:\/\/icl.legal\/index.php\/wp-json\/wp\/v2\/users\/1"}],"replies":[{"embeddable":true,"href":"https:\/\/icl.legal\/index.php\/wp-json\/wp\/v2\/comments?post=5"}],"version-history":[{"count":68,"href":"https:\/\/icl.legal\/index.php\/wp-json\/wp\/v2\/pages\/5\/revisions"}],"predecessor-version":[{"id":4046,"href":"https:\/\/icl.legal\/index.php\/wp-json\/wp\/v2\/pages\/5\/revisions\/4046"}],"up":[{"embeddable":true,"href":"https:\/\/icl.legal\/index.php\/wp-json\/wp\/v2\/pages\/1085"}],"wp:attachment":[{"href":"https:\/\/icl.legal\/index.php\/wp-json\/wp\/v2\/media?parent=5"}],"curies":[{"name":"wp","href":"https:\/\/api.w.org\/{rel}","templated":true}]}}