{"id":3884,"date":"2018-03-05T13:53:22","date_gmt":"2018-03-05T13:53:22","guid":{"rendered":"https:\/\/icl.legal\/index.php\/elements\/headings-2-2-2-2\/"},"modified":"2023-01-27T20:44:36","modified_gmt":"2023-01-27T20:44:36","slug":"headings-2-2-2-2","status":"publish","type":"page","link":"https:\/\/icl.legal\/index.php\/elements\/headings-2-2-2-2\/","title":{"rendered":"Kushtetuese"},"content":{"rendered":"<p>[vc_section][vc_row][vc_column width=&#8221;1\/4&#8243;][vc_single_image image=&#8221;3957&#8243; img_size=&#8221;400&#215;300&#8243;][\/vc_column][vc_column width=&#8221;1\/2&#8243;][vc_column_text]<\/p>\n<h4 class=\"mkdf-iwt-title\"><strong><span class=\"mkdf-iwt-title-text\">Kushtetuese dhe Administrative<\/span><\/strong><\/h4>\n<div dir=\"auto\">\n<h5>Ne ofrojm\u00eb sh\u00ebrbime ligjore dhe asistenc\u00eb nga hartimi i legjislacionit deri te rishikimet gjyq\u00ebsore, si dhe n\u00eb vendimmarrje deri te interpretimi statutor, duke p\u00ebrfshir\u00eb t\u00eb gjitha ligjet dhe parimet ligjore q\u00eb rregullojn\u00eb administrimin dhe rregullimin e agjencive qeveritare. Sh\u00ebndeti publik, arsimi, strehimi dhe sh\u00ebrbime t\u00eb tjera publike mund t\u00eb konsiderohen si pjes\u00eb e korpusit t\u00eb sh\u00ebrbimeve ligjore q\u00eb ne ofrojm\u00eb.<\/h5>\n<h5>Shum\u00eb shpesh organet e administrat\u00ebs publike qoft\u00eb komunale apo q\u00ebndrore me aktet e tyre administrative cenojn\u00eb t\u00eb drejtat e personave fizik dhe juridik.<\/h5>\n<h5>P\u00ebrmes ekspertiz\u00ebs shum\u00ebvje\u00e7are ofrojm\u00eb sh\u00ebrbime profesionale ligjore p\u00ebr p\u00ebrfaq\u00ebsim cil\u00ebsor pran\u00eb organeve t\u00eb administrat\u00ebs publike, duke kontestuar vendimet e tyre, nj\u00ebkohesisht duke i nd\u00ebrgjegj\u00ebsuar p\u00ebr nj\u00eb vendimmarrje t\u00eb drejt\u00eb dhe profesionale.<\/h5>\n<h5>T\u00eb drejtat themelore t\u00eb njeriut duhen mbrojtur dhe p\u00ebr k\u00ebt\u00eb ofrojm\u00eb sh\u00ebrbimin ton\u00eb ligjor p\u00ebr p\u00ebrfaq\u00ebsim n\u00eb Gjykat\u00ebn Kushtetuese, kundrejt shkeljes s\u00eb ligjshm\u00ebris\u00eb dhe kushtetueshm\u00ebris\u00eb t\u00eb organeve t\u00eb administrat\u00ebs publike dhe Gjykatave n\u00eb Kosov\u00eb.<\/h5>\n<\/div>\n<p>[\/vc_column_text][\/vc_column][vc_column width=&#8221;1\/4&#8243;]<div class=\"mkdf-tabs  mkdf-tabs-simple\">\n\t<ul class=\"mkdf-tabs-nav clearfix\">\n\t\t\t\t\t<li>\n\t\t\t\t\t\t\t\t\t<a href=\"#tab-sherbimet-te-tjera\">Sh\u00ebrbimet t\u00eb tjera<\/a>\n\t\t\t\t\t\t\t<\/li>\n\t\t\t<\/ul>\n\t<div class=\"mkdf-tab-container\" id=\"tab-sherbimet-te-tjera-913\"><a itemprop=\"url\" href=\"https:\/\/icl.legal\/index.php\/elements\/headings-2-2\/?preview=true\" target=\"_self\"  class=\"mkdf-btn mkdf-btn-medium mkdf-btn-outline\"  >\n    <span class=\"mkdf-btn-text\">Civile<\/span>\n\t<\/a><a itemprop=\"url\" href=\"https:\/\/icl.legal\/index.php\/elements\/headings\/\" target=\"_self\"  class=\"mkdf-btn mkdf-btn-medium mkdf-btn-outline\"  >\n    <span class=\"mkdf-btn-text\">Investimet e huaja dhe bashkim i korporatave<\/span>\n\t<\/a><a itemprop=\"url\" href=\"https:\/\/icl.legal\/index.php\/elements\/headings-2\/?preview=true\" target=\"_self\"  class=\"mkdf-btn mkdf-btn-medium mkdf-btn-outline\"  >\n    <span class=\"mkdf-btn-text\">Penale<\/span>\n\t<\/a><a itemprop=\"url\" href=\"https:\/\/icl.legal\/index.php\/elements\/headings-2-2-3\/\" target=\"_self\"  class=\"mkdf-btn mkdf-btn-medium mkdf-btn-outline\"  >\n    <span class=\"mkdf-btn-text\">Energjia dhe Minierat<\/span>\n\t<\/a><a itemprop=\"url\" href=\"https:\/\/icl.legal\/index.php\/elements\/headings-2-2-3-2\/?preview=true\" target=\"_self\"  class=\"mkdf-btn mkdf-btn-small mkdf-btn-outline\"  >\n    <span class=\"mkdf-btn-text\">E Drejta Sportive<\/span>\n\t<\/a><a itemprop=\"url\" href=\"https:\/\/icl.legal\/index.php\/elements\/headings-2-2-3-2-2\/?preview=true\" target=\"_self\"  class=\"mkdf-btn mkdf-btn-small mkdf-btn-outline\"  >\n    <span class=\"mkdf-btn-text\">Privatizim, Shpron\u00ebsime, Koncesione dhe Partneritete Publiko Private<\/span>\n\t<\/a><\/div><\/div>[\/vc_column][\/vc_row][\/vc_section]<\/p>\n","protected":false},"excerpt":{"rendered":"<p>[vc_section][vc_row][vc_column width=&#8221;1\/4&#8243;][vc_single_image image=&#8221;3957&#8243; img_size=&#8221;400&#215;300&#8243;][\/vc_column][vc_column width=&#8221;1\/2&#8243;][vc_column_text] Kushtetuese dhe Administrative Ne ofrojm\u00eb sh\u00ebrbime ligjore dhe asistenc\u00eb nga hartimi i legjislacionit deri te rishikimet gjyq\u00ebsore, si dhe n\u00eb vendimmarrje deri te interpretimi statutor, duke p\u00ebrfshir\u00eb t\u00eb gjitha ligjet dhe parimet ligjore q\u00eb rregullojn\u00eb administrimin dhe rregullimin e agjencive qeveritare. Sh\u00ebndeti publik, arsimi, strehimi dhe sh\u00ebrbime t\u00eb tjera publike mund t\u00eb konsiderohen si pjes\u00eb e korpusit t\u00eb sh\u00ebrbimeve ligjore q\u00eb ne ofrojm\u00eb. Shum\u00eb shpesh organet e administrat\u00ebs publike qoft\u00eb komunale apo q\u00ebndrore me aktet e tyre administrative cenojn\u00eb t\u00eb drejtat e personave fizik dhe juridik. P\u00ebrmes ekspertiz\u00ebs shum\u00ebvje\u00e7are ofrojm\u00eb sh\u00ebrbime profesionale ligjore p\u00ebr p\u00ebrfaq\u00ebsim [&hellip;]<\/p>\n","protected":false},"author":1,"featured_media":0,"parent":1085,"menu_order":0,"comment_status":"closed","ping_status":"closed","template":"full-width.php","meta":{"footnotes":""},"class_list":["post-3884","page","type-page","status-publish","hentry"],"yoast_head":"<!-- This site is optimized with the Yoast SEO plugin v21.0 - https:\/\/yoast.com\/wordpress\/plugins\/seo\/ -->\n<title>Kushtetuese - ICL Legal<\/title>\n<meta name=\"robots\" content=\"index, follow, max-snippet:-1, max-image-preview:large, max-video-preview:-1\" \/>\n<link rel=\"canonical\" href=\"https:\/\/icl.legal\/index.php\/elements\/headings-2-2-2-2\/\" \/>\n<meta property=\"og:locale\" content=\"en_US\" \/>\n<meta property=\"og:type\" content=\"article\" \/>\n<meta property=\"og:title\" content=\"Kushtetuese - ICL Legal\" \/>\n<meta property=\"og:description\" content=\"[vc_section][vc_row][vc_column width=&#8221;1\/4&#8243;][vc_single_image image=&#8221;3957&#8243; img_size=&#8221;400&#215;300&#8243;][\/vc_column][vc_column width=&#8221;1\/2&#8243;][vc_column_text] Kushtetuese dhe Administrative Ne ofrojm\u00eb sh\u00ebrbime ligjore dhe asistenc\u00eb nga hartimi i legjislacionit deri te rishikimet gjyq\u00ebsore, si dhe n\u00eb vendimmarrje deri te interpretimi statutor, duke p\u00ebrfshir\u00eb t\u00eb gjitha ligjet dhe parimet ligjore q\u00eb rregullojn\u00eb administrimin dhe rregullimin e agjencive qeveritare. Sh\u00ebndeti publik, arsimi, strehimi dhe sh\u00ebrbime t\u00eb tjera publike mund t\u00eb konsiderohen si pjes\u00eb e korpusit t\u00eb sh\u00ebrbimeve ligjore q\u00eb ne ofrojm\u00eb. Shum\u00eb shpesh organet e administrat\u00ebs publike qoft\u00eb komunale apo q\u00ebndrore me aktet e tyre administrative cenojn\u00eb t\u00eb drejtat e personave fizik dhe juridik. P\u00ebrmes ekspertiz\u00ebs shum\u00ebvje\u00e7are ofrojm\u00eb sh\u00ebrbime profesionale ligjore p\u00ebr p\u00ebrfaq\u00ebsim [&hellip;]\" \/>\n<meta property=\"og:url\" content=\"https:\/\/icl.legal\/index.php\/elements\/headings-2-2-2-2\/\" \/>\n<meta property=\"og:site_name\" content=\"ICL Legal\" \/>\n<meta property=\"article:modified_time\" content=\"2023-01-27T20:44:36+00:00\" \/>\n<meta name=\"twitter:card\" content=\"summary_large_image\" \/>\n<meta name=\"twitter:label1\" content=\"Est. reading time\" \/>\n\t<meta name=\"twitter:data1\" content=\"2 minutes\" \/>\n<script type=\"application\/ld+json\" class=\"yoast-schema-graph\">{\"@context\":\"https:\/\/schema.org\",\"@graph\":[{\"@type\":\"WebPage\",\"@id\":\"https:\/\/icl.legal\/index.php\/elements\/headings-2-2-2-2\/\",\"url\":\"https:\/\/icl.legal\/index.php\/elements\/headings-2-2-2-2\/\",\"name\":\"Kushtetuese - ICL Legal\",\"isPartOf\":{\"@id\":\"https:\/\/icl.legal\/#website\"},\"datePublished\":\"2018-03-05T13:53:22+00:00\",\"dateModified\":\"2023-01-27T20:44:36+00:00\",\"breadcrumb\":{\"@id\":\"https:\/\/icl.legal\/index.php\/elements\/headings-2-2-2-2\/#breadcrumb\"},\"inLanguage\":\"en-US\",\"potentialAction\":[{\"@type\":\"ReadAction\",\"target\":[\"https:\/\/icl.legal\/index.php\/elements\/headings-2-2-2-2\/\"]}]},{\"@type\":\"BreadcrumbList\",\"@id\":\"https:\/\/icl.legal\/index.php\/elements\/headings-2-2-2-2\/#breadcrumb\",\"itemListElement\":[{\"@type\":\"ListItem\",\"position\":1,\"name\":\"Home\",\"item\":\"https:\/\/icl.legal\/\"},{\"@type\":\"ListItem\",\"position\":2,\"name\":\"Elements\",\"item\":\"https:\/\/icl.legal\/index.php\/elements\/\"},{\"@type\":\"ListItem\",\"position\":3,\"name\":\"Kushtetuese\"}]},{\"@type\":\"WebSite\",\"@id\":\"https:\/\/icl.legal\/#website\",\"url\":\"https:\/\/icl.legal\/\",\"name\":\"ICL Legal\",\"description\":\"Justice\",\"potentialAction\":[{\"@type\":\"SearchAction\",\"target\":{\"@type\":\"EntryPoint\",\"urlTemplate\":\"https:\/\/icl.legal\/?s={search_term_string}\"},\"query-input\":\"required name=search_term_string\"}],\"inLanguage\":\"en-US\"}]}<\/script>\n<!-- \/ Yoast SEO plugin. -->","yoast_head_json":{"title":"Kushtetuese - ICL Legal","robots":{"index":"index","follow":"follow","max-snippet":"max-snippet:-1","max-image-preview":"max-image-preview:large","max-video-preview":"max-video-preview:-1"},"canonical":"https:\/\/icl.legal\/index.php\/elements\/headings-2-2-2-2\/","og_locale":"en_US","og_type":"article","og_title":"Kushtetuese - ICL Legal","og_description":"[vc_section][vc_row][vc_column width=&#8221;1\/4&#8243;][vc_single_image image=&#8221;3957&#8243; img_size=&#8221;400&#215;300&#8243;][\/vc_column][vc_column width=&#8221;1\/2&#8243;][vc_column_text] Kushtetuese dhe Administrative Ne ofrojm\u00eb sh\u00ebrbime ligjore dhe asistenc\u00eb nga hartimi i legjislacionit deri te rishikimet gjyq\u00ebsore, si dhe n\u00eb vendimmarrje deri te interpretimi statutor, duke p\u00ebrfshir\u00eb t\u00eb gjitha ligjet dhe parimet ligjore q\u00eb rregullojn\u00eb administrimin dhe rregullimin e agjencive qeveritare. Sh\u00ebndeti publik, arsimi, strehimi dhe sh\u00ebrbime t\u00eb tjera publike mund t\u00eb konsiderohen si pjes\u00eb e korpusit t\u00eb sh\u00ebrbimeve ligjore q\u00eb ne ofrojm\u00eb. Shum\u00eb shpesh organet e administrat\u00ebs publike qoft\u00eb komunale apo q\u00ebndrore me aktet e tyre administrative cenojn\u00eb t\u00eb drejtat e personave fizik dhe juridik. P\u00ebrmes ekspertiz\u00ebs shum\u00ebvje\u00e7are ofrojm\u00eb sh\u00ebrbime profesionale ligjore p\u00ebr p\u00ebrfaq\u00ebsim [&hellip;]","og_url":"https:\/\/icl.legal\/index.php\/elements\/headings-2-2-2-2\/","og_site_name":"ICL Legal","article_modified_time":"2023-01-27T20:44:36+00:00","twitter_card":"summary_large_image","twitter_misc":{"Est. reading time":"2 minutes"},"schema":{"@context":"https:\/\/schema.org","@graph":[{"@type":"WebPage","@id":"https:\/\/icl.legal\/index.php\/elements\/headings-2-2-2-2\/","url":"https:\/\/icl.legal\/index.php\/elements\/headings-2-2-2-2\/","name":"Kushtetuese - ICL Legal","isPartOf":{"@id":"https:\/\/icl.legal\/#website"},"datePublished":"2018-03-05T13:53:22+00:00","dateModified":"2023-01-27T20:44:36+00:00","breadcrumb":{"@id":"https:\/\/icl.legal\/index.php\/elements\/headings-2-2-2-2\/#breadcrumb"},"inLanguage":"en-US","potentialAction":[{"@type":"ReadAction","target":["https:\/\/icl.legal\/index.php\/elements\/headings-2-2-2-2\/"]}]},{"@type":"BreadcrumbList","@id":"https:\/\/icl.legal\/index.php\/elements\/headings-2-2-2-2\/#breadcrumb","itemListElement":[{"@type":"ListItem","position":1,"name":"Home","item":"https:\/\/icl.legal\/"},{"@type":"ListItem","position":2,"name":"Elements","item":"https:\/\/icl.legal\/index.php\/elements\/"},{"@type":"ListItem","position":3,"name":"Kushtetuese"}]},{"@type":"WebSite","@id":"https:\/\/icl.legal\/#website","url":"https:\/\/icl.legal\/","name":"ICL Legal","description":"Justice","potentialAction":[{"@type":"SearchAction","target":{"@type":"EntryPoint","urlTemplate":"https:\/\/icl.legal\/?s={search_term_string}"},"query-input":"required name=search_term_string"}],"inLanguage":"en-US"}]}},"_links":{"self":[{"href":"https:\/\/icl.legal\/index.php\/wp-json\/wp\/v2\/pages\/3884","targetHints":{"allow":["GET"]}}],"collection":[{"href":"https:\/\/icl.legal\/index.php\/wp-json\/wp\/v2\/pages"}],"about":[{"href":"https:\/\/icl.legal\/index.php\/wp-json\/wp\/v2\/types\/page"}],"author":[{"embeddable":true,"href":"https:\/\/icl.legal\/index.php\/wp-json\/wp\/v2\/users\/1"}],"replies":[{"embeddable":true,"href":"https:\/\/icl.legal\/index.php\/wp-json\/wp\/v2\/comments?post=3884"}],"version-history":[{"count":14,"href":"https:\/\/icl.legal\/index.php\/wp-json\/wp\/v2\/pages\/3884\/revisions"}],"predecessor-version":[{"id":4047,"href":"https:\/\/icl.legal\/index.php\/wp-json\/wp\/v2\/pages\/3884\/revisions\/4047"}],"up":[{"embeddable":true,"href":"https:\/\/icl.legal\/index.php\/wp-json\/wp\/v2\/pages\/1085"}],"wp:attachment":[{"href":"https:\/\/icl.legal\/index.php\/wp-json\/wp\/v2\/media?parent=3884"}],"curies":[{"name":"wp","href":"https:\/\/api.w.org\/{rel}","templated":true}]}}