{"id":3871,"date":"2018-03-05T13:53:22","date_gmt":"2018-03-05T13:53:22","guid":{"rendered":"https:\/\/icl.legal\/index.php\/elements\/headings-2-2-3-2\/"},"modified":"2022-07-14T08:33:03","modified_gmt":"2022-07-14T08:33:03","slug":"headings-2-2-3-2","status":"publish","type":"page","link":"https:\/\/icl.legal\/index.php\/elements\/headings-2-2-3-2\/","title":{"rendered":"ARBITRAZHI&#8230;"},"content":{"rendered":"<p>[vc_section][vc_row][vc_column width=&#8221;1\/4&#8243;][vc_single_image image=&#8221;3969&#8243; img_size=&#8221;400&#215;300&#8243;][\/vc_column][vc_column width=&#8221;1\/2&#8243;][vc_column_text]<\/p>\n<h4 class=\"mkdf-iwt-title\"><strong><span class=\"mkdf-iwt-title-text\">ARBITRAZHI KOMERCIAL DHE SPORTIV<\/span><\/strong><\/h4>\n<div dir=\"auto\">\n<h5>Arbitrazhi \u00ebsht\u00eb nj\u00eb zgjidhje alternative e mosmarr\u00ebveshjeve n\u00eb bot\u00ebn e biznesit. Me kosto m\u00eb t\u00eb ul\u00ebt dhe zgjidhje t\u00eb shpejt\u00eb t\u00eb kontesteve, arbitrazhi po favorizohet si form\u00eb e zgjedhjes s\u00eb mosmarr\u00ebveshjeve nga ana e bizneseve p\u00ebrmes marr\u00ebveshjeve komerciale.<\/h5>\n<h5>P\u00ebrmes partner\u00ebve ton\u00eb vendor dhe nd\u00ebrkombetar ofrojm\u00eb k\u00ebshillime ligjore dhe pjes\u00ebmarrje n\u00eb zgjidhjen e mosmarr\u00ebveshjeve p\u00ebrmes Tribunaleve t\u00eb Arbitrazhit n\u00eb Kosov\u00eb dhe vendet tjera ku jan\u00eb t\u00eb instaluara Dhomat kryesore t\u00eb Arbitrazhit nd\u00ebrkomb\u00ebtar.<\/h5>\n<h5>Po ashtu ofrojm\u00eb p\u00ebrfaq\u00ebsim t\u00eb klubeve sportive dhe sportist\u00ebve individual n\u00eb Gjykat\u00ebn e Arbitrazhit Nd\u00ebrkomb\u00ebtar si dhe n\u00eb mekanizmat vendore p\u00ebr zgjedhjen e mos marr\u00ebveshjeve.<\/h5>\n<h5>Sportist\u00ebve ju ofrojm\u00eb siguri juridike dhe kompensim adekuat gjat\u00eb nenshkrimit dhe zbatimit t\u00eb kontratave. Nd\u00ebrsa agjent\u00ebve sportiv dhe kompanive t\u00eb ndryshme t\u00eb menxhimit sportiv ju ofrojm\u00eb k\u00ebshillime n\u00eb menaxhimin e sportist\u00ebve.<\/h5>\n<p>&nbsp;<\/p>\n<\/div>\n<p>[\/vc_column_text][\/vc_column][vc_column width=&#8221;1\/4&#8243;]<div class=\"mkdf-tabs  mkdf-tabs-simple\">\n\t<ul class=\"mkdf-tabs-nav clearfix\">\n\t\t\t\t\t<li>\n\t\t\t\t\t\t\t\t\t<a href=\"#tab-sherbimet-te-tjera\">Sh\u00ebrbimet t\u00eb tjera<\/a>\n\t\t\t\t\t\t\t<\/li>\n\t\t\t<\/ul>\n\t<div class=\"mkdf-tab-container\" id=\"tab-sherbimet-te-tjera-596\"><a itemprop=\"url\" href=\"https:\/\/icl.legal\/index.php\/elements\/headings-2-2\/?preview=true\" target=\"_self\"  class=\"mkdf-btn mkdf-btn-medium mkdf-btn-outline\"  >\n    <span class=\"mkdf-btn-text\">Civile<\/span>\n\t<\/a><a itemprop=\"url\" href=\"https:\/\/icl.legal\/index.php\/elements\/headings\/\" target=\"_self\"  class=\"mkdf-btn mkdf-btn-medium mkdf-btn-outline\"  >\n    <span class=\"mkdf-btn-text\">Investimet e huaja dhe bashkim i korporatave<\/span>\n\t<\/a><a itemprop=\"url\" href=\"https:\/\/icl.legal\/index.php\/elements\/headings-2-2-2\/?preview=true\" target=\"_self\"  class=\"mkdf-btn mkdf-btn-medium mkdf-btn-outline\"  >\n    <span class=\"mkdf-btn-text\">TRANSAKCIONET BIZNESORE DHE KORPORATAT<\/span>\n\t<\/a><a itemprop=\"url\" href=\"https:\/\/icl.legal\/index.php\/elements\/headings-2-2-2-2\/\" target=\"_self\"  class=\"mkdf-btn mkdf-btn-medium mkdf-btn-outline\"  >\n    <span class=\"mkdf-btn-text\">Kushtetuese dhe Asministrative<\/span>\n\t<\/a><a itemprop=\"url\" href=\"https:\/\/icl.legal\/index.php\/elements\/headings-2-2-3\/?preview=true\" target=\"_self\"  class=\"mkdf-btn mkdf-btn-medium mkdf-btn-outline\"  >\n    <span class=\"mkdf-btn-text\">Energjia dhe Minierat<\/span>\n\t<\/a><a itemprop=\"url\" href=\"https:\/\/icl.legal\/index.php\/elements\/headings-2\/?preview=true\" target=\"_self\"  class=\"mkdf-btn mkdf-btn-small mkdf-btn-outline\"  >\n    <span class=\"mkdf-btn-text\">Penale<\/span>\n\t<\/a><a itemprop=\"url\" href=\"https:\/\/icl.legal\/index.php\/elements\/headings-2-2-3-2-2\/?preview=true\" target=\"_self\"  class=\"mkdf-btn mkdf-btn-small mkdf-btn-outline\"  >\n    <span class=\"mkdf-btn-text\">Privatizim, Shpron\u00ebsime, Koncesione dhe Partneritete Publiko Private<\/span>\n\t<\/a><\/div><\/div>[\/vc_column][\/vc_row][\/vc_section]<\/p>\n","protected":false},"excerpt":{"rendered":"<p>[vc_section][vc_row][vc_column width=&#8221;1\/4&#8243;][vc_single_image image=&#8221;3969&#8243; img_size=&#8221;400&#215;300&#8243;][\/vc_column][vc_column width=&#8221;1\/2&#8243;][vc_column_text] ARBITRAZHI KOMERCIAL DHE SPORTIV Arbitrazhi \u00ebsht\u00eb nj\u00eb zgjidhje alternative e mosmarr\u00ebveshjeve n\u00eb bot\u00ebn e biznesit. Me kosto m\u00eb t\u00eb ul\u00ebt dhe zgjidhje t\u00eb shpejt\u00eb t\u00eb kontesteve, arbitrazhi po favorizohet si form\u00eb e zgjedhjes s\u00eb mosmarr\u00ebveshjeve nga ana e bizneseve p\u00ebrmes marr\u00ebveshjeve komerciale. P\u00ebrmes partner\u00ebve ton\u00eb vendor dhe nd\u00ebrkombetar ofrojm\u00eb k\u00ebshillime ligjore dhe pjes\u00ebmarrje n\u00eb zgjidhjen e mosmarr\u00ebveshjeve p\u00ebrmes Tribunaleve t\u00eb Arbitrazhit n\u00eb Kosov\u00eb dhe vendet tjera ku jan\u00eb t\u00eb instaluara Dhomat kryesore t\u00eb Arbitrazhit nd\u00ebrkomb\u00ebtar. Po ashtu ofrojm\u00eb p\u00ebrfaq\u00ebsim t\u00eb klubeve sportive dhe sportist\u00ebve individual n\u00eb Gjykat\u00ebn e Arbitrazhit Nd\u00ebrkomb\u00ebtar si dhe n\u00eb mekanizmat vendore [&hellip;]<\/p>\n","protected":false},"author":1,"featured_media":0,"parent":1085,"menu_order":0,"comment_status":"closed","ping_status":"closed","template":"full-width.php","meta":{"footnotes":""},"class_list":["post-3871","page","type-page","status-publish","hentry"],"yoast_head":"<!-- This site is optimized with the Yoast SEO plugin v21.0 - https:\/\/yoast.com\/wordpress\/plugins\/seo\/ -->\n<title>ARBITRAZHI... - ICL Legal<\/title>\n<meta name=\"robots\" content=\"index, follow, max-snippet:-1, max-image-preview:large, max-video-preview:-1\" \/>\n<link rel=\"canonical\" href=\"https:\/\/icl.legal\/index.php\/elements\/headings-2-2-3-2\/\" \/>\n<meta property=\"og:locale\" content=\"en_US\" \/>\n<meta property=\"og:type\" content=\"article\" \/>\n<meta property=\"og:title\" content=\"ARBITRAZHI... - ICL Legal\" \/>\n<meta property=\"og:description\" content=\"[vc_section][vc_row][vc_column width=&#8221;1\/4&#8243;][vc_single_image image=&#8221;3969&#8243; img_size=&#8221;400&#215;300&#8243;][\/vc_column][vc_column width=&#8221;1\/2&#8243;][vc_column_text] ARBITRAZHI KOMERCIAL DHE SPORTIV Arbitrazhi \u00ebsht\u00eb nj\u00eb zgjidhje alternative e mosmarr\u00ebveshjeve n\u00eb bot\u00ebn e biznesit. Me kosto m\u00eb t\u00eb ul\u00ebt dhe zgjidhje t\u00eb shpejt\u00eb t\u00eb kontesteve, arbitrazhi po favorizohet si form\u00eb e zgjedhjes s\u00eb mosmarr\u00ebveshjeve nga ana e bizneseve p\u00ebrmes marr\u00ebveshjeve komerciale. P\u00ebrmes partner\u00ebve ton\u00eb vendor dhe nd\u00ebrkombetar ofrojm\u00eb k\u00ebshillime ligjore dhe pjes\u00ebmarrje n\u00eb zgjidhjen e mosmarr\u00ebveshjeve p\u00ebrmes Tribunaleve t\u00eb Arbitrazhit n\u00eb Kosov\u00eb dhe vendet tjera ku jan\u00eb t\u00eb instaluara Dhomat kryesore t\u00eb Arbitrazhit nd\u00ebrkomb\u00ebtar. Po ashtu ofrojm\u00eb p\u00ebrfaq\u00ebsim t\u00eb klubeve sportive dhe sportist\u00ebve individual n\u00eb Gjykat\u00ebn e Arbitrazhit Nd\u00ebrkomb\u00ebtar si dhe n\u00eb mekanizmat vendore [&hellip;]\" \/>\n<meta property=\"og:url\" content=\"https:\/\/icl.legal\/index.php\/elements\/headings-2-2-3-2\/\" \/>\n<meta property=\"og:site_name\" content=\"ICL Legal\" \/>\n<meta property=\"article:modified_time\" content=\"2022-07-14T08:33:03+00:00\" \/>\n<meta name=\"twitter:card\" content=\"summary_large_image\" \/>\n<meta name=\"twitter:label1\" content=\"Est. reading time\" \/>\n\t<meta name=\"twitter:data1\" content=\"2 minutes\" \/>\n<script type=\"application\/ld+json\" class=\"yoast-schema-graph\">{\"@context\":\"https:\/\/schema.org\",\"@graph\":[{\"@type\":\"WebPage\",\"@id\":\"https:\/\/icl.legal\/index.php\/elements\/headings-2-2-3-2\/\",\"url\":\"https:\/\/icl.legal\/index.php\/elements\/headings-2-2-3-2\/\",\"name\":\"ARBITRAZHI... - ICL Legal\",\"isPartOf\":{\"@id\":\"https:\/\/icl.legal\/#website\"},\"datePublished\":\"2018-03-05T13:53:22+00:00\",\"dateModified\":\"2022-07-14T08:33:03+00:00\",\"breadcrumb\":{\"@id\":\"https:\/\/icl.legal\/index.php\/elements\/headings-2-2-3-2\/#breadcrumb\"},\"inLanguage\":\"en-US\",\"potentialAction\":[{\"@type\":\"ReadAction\",\"target\":[\"https:\/\/icl.legal\/index.php\/elements\/headings-2-2-3-2\/\"]}]},{\"@type\":\"BreadcrumbList\",\"@id\":\"https:\/\/icl.legal\/index.php\/elements\/headings-2-2-3-2\/#breadcrumb\",\"itemListElement\":[{\"@type\":\"ListItem\",\"position\":1,\"name\":\"Home\",\"item\":\"https:\/\/icl.legal\/\"},{\"@type\":\"ListItem\",\"position\":2,\"name\":\"Elements\",\"item\":\"https:\/\/icl.legal\/index.php\/elements\/\"},{\"@type\":\"ListItem\",\"position\":3,\"name\":\"ARBITRAZHI&#8230;\"}]},{\"@type\":\"WebSite\",\"@id\":\"https:\/\/icl.legal\/#website\",\"url\":\"https:\/\/icl.legal\/\",\"name\":\"ICL Legal\",\"description\":\"Justice\",\"potentialAction\":[{\"@type\":\"SearchAction\",\"target\":{\"@type\":\"EntryPoint\",\"urlTemplate\":\"https:\/\/icl.legal\/?s={search_term_string}\"},\"query-input\":\"required name=search_term_string\"}],\"inLanguage\":\"en-US\"}]}<\/script>\n<!-- \/ Yoast SEO plugin. -->","yoast_head_json":{"title":"ARBITRAZHI... - ICL Legal","robots":{"index":"index","follow":"follow","max-snippet":"max-snippet:-1","max-image-preview":"max-image-preview:large","max-video-preview":"max-video-preview:-1"},"canonical":"https:\/\/icl.legal\/index.php\/elements\/headings-2-2-3-2\/","og_locale":"en_US","og_type":"article","og_title":"ARBITRAZHI... - ICL Legal","og_description":"[vc_section][vc_row][vc_column width=&#8221;1\/4&#8243;][vc_single_image image=&#8221;3969&#8243; img_size=&#8221;400&#215;300&#8243;][\/vc_column][vc_column width=&#8221;1\/2&#8243;][vc_column_text] ARBITRAZHI KOMERCIAL DHE SPORTIV Arbitrazhi \u00ebsht\u00eb nj\u00eb zgjidhje alternative e mosmarr\u00ebveshjeve n\u00eb bot\u00ebn e biznesit. Me kosto m\u00eb t\u00eb ul\u00ebt dhe zgjidhje t\u00eb shpejt\u00eb t\u00eb kontesteve, arbitrazhi po favorizohet si form\u00eb e zgjedhjes s\u00eb mosmarr\u00ebveshjeve nga ana e bizneseve p\u00ebrmes marr\u00ebveshjeve komerciale. P\u00ebrmes partner\u00ebve ton\u00eb vendor dhe nd\u00ebrkombetar ofrojm\u00eb k\u00ebshillime ligjore dhe pjes\u00ebmarrje n\u00eb zgjidhjen e mosmarr\u00ebveshjeve p\u00ebrmes Tribunaleve t\u00eb Arbitrazhit n\u00eb Kosov\u00eb dhe vendet tjera ku jan\u00eb t\u00eb instaluara Dhomat kryesore t\u00eb Arbitrazhit nd\u00ebrkomb\u00ebtar. Po ashtu ofrojm\u00eb p\u00ebrfaq\u00ebsim t\u00eb klubeve sportive dhe sportist\u00ebve individual n\u00eb Gjykat\u00ebn e Arbitrazhit Nd\u00ebrkomb\u00ebtar si dhe n\u00eb mekanizmat vendore [&hellip;]","og_url":"https:\/\/icl.legal\/index.php\/elements\/headings-2-2-3-2\/","og_site_name":"ICL Legal","article_modified_time":"2022-07-14T08:33:03+00:00","twitter_card":"summary_large_image","twitter_misc":{"Est. reading time":"2 minutes"},"schema":{"@context":"https:\/\/schema.org","@graph":[{"@type":"WebPage","@id":"https:\/\/icl.legal\/index.php\/elements\/headings-2-2-3-2\/","url":"https:\/\/icl.legal\/index.php\/elements\/headings-2-2-3-2\/","name":"ARBITRAZHI... - ICL Legal","isPartOf":{"@id":"https:\/\/icl.legal\/#website"},"datePublished":"2018-03-05T13:53:22+00:00","dateModified":"2022-07-14T08:33:03+00:00","breadcrumb":{"@id":"https:\/\/icl.legal\/index.php\/elements\/headings-2-2-3-2\/#breadcrumb"},"inLanguage":"en-US","potentialAction":[{"@type":"ReadAction","target":["https:\/\/icl.legal\/index.php\/elements\/headings-2-2-3-2\/"]}]},{"@type":"BreadcrumbList","@id":"https:\/\/icl.legal\/index.php\/elements\/headings-2-2-3-2\/#breadcrumb","itemListElement":[{"@type":"ListItem","position":1,"name":"Home","item":"https:\/\/icl.legal\/"},{"@type":"ListItem","position":2,"name":"Elements","item":"https:\/\/icl.legal\/index.php\/elements\/"},{"@type":"ListItem","position":3,"name":"ARBITRAZHI&#8230;"}]},{"@type":"WebSite","@id":"https:\/\/icl.legal\/#website","url":"https:\/\/icl.legal\/","name":"ICL Legal","description":"Justice","potentialAction":[{"@type":"SearchAction","target":{"@type":"EntryPoint","urlTemplate":"https:\/\/icl.legal\/?s={search_term_string}"},"query-input":"required name=search_term_string"}],"inLanguage":"en-US"}]}},"_links":{"self":[{"href":"https:\/\/icl.legal\/index.php\/wp-json\/wp\/v2\/pages\/3871","targetHints":{"allow":["GET"]}}],"collection":[{"href":"https:\/\/icl.legal\/index.php\/wp-json\/wp\/v2\/pages"}],"about":[{"href":"https:\/\/icl.legal\/index.php\/wp-json\/wp\/v2\/types\/page"}],"author":[{"embeddable":true,"href":"https:\/\/icl.legal\/index.php\/wp-json\/wp\/v2\/users\/1"}],"replies":[{"embeddable":true,"href":"https:\/\/icl.legal\/index.php\/wp-json\/wp\/v2\/comments?post=3871"}],"version-history":[{"count":15,"href":"https:\/\/icl.legal\/index.php\/wp-json\/wp\/v2\/pages\/3871\/revisions"}],"predecessor-version":[{"id":3994,"href":"https:\/\/icl.legal\/index.php\/wp-json\/wp\/v2\/pages\/3871\/revisions\/3994"}],"up":[{"embeddable":true,"href":"https:\/\/icl.legal\/index.php\/wp-json\/wp\/v2\/pages\/1085"}],"wp:attachment":[{"href":"https:\/\/icl.legal\/index.php\/wp-json\/wp\/v2\/media?parent=3871"}],"curies":[{"name":"wp","href":"https:\/\/api.w.org\/{rel}","templated":true}]}}