{"id":3869,"date":"2018-03-05T13:53:22","date_gmt":"2018-03-05T13:53:22","guid":{"rendered":"https:\/\/icl.legal\/index.php\/elements\/headings-2-2-3\/"},"modified":"2023-01-27T20:54:44","modified_gmt":"2023-01-27T20:54:44","slug":"headings-2-2-3","status":"publish","type":"page","link":"https:\/\/icl.legal\/index.php\/elements\/headings-2-2-3\/","title":{"rendered":"Energji, Miniera dhe Mjedisi"},"content":{"rendered":"<p>[vc_section][vc_row][vc_column width=&#8221;1\/4&#8243;][vc_single_image image=&#8221;3963&#8243; img_size=&#8221;400&#215;300&#8243;][\/vc_column][vc_column width=&#8221;1\/2&#8243;][vc_column_text]<\/p>\n<h4 class=\"mkdf-iwt-title\"><strong><span class=\"mkdf-iwt-title-text\">Energji dhe Miniera<\/span><\/strong><\/h4>\n<h5>Jan\u00eb fusha t\u00eb cilat konsiderohen si burime t\u00eb pashterrshme natyrore t\u00eb Kosov\u00ebs me nj\u00eb potencial t\u00eb t\u00ebrheqejes s\u00eb investimeve t\u00eb huaja. Licencimi dhe t\u00eb b\u00ebrit biznes n\u00eb k\u00ebto fusha \u00ebsht\u00eb e v\u00ebshtir\u00eb dhe e komplikuar.<\/h5>\n<h5>P\u00ebrmes ekspertiz\u00ebs son\u00eb disavje\u00e7are me autoritetet rregullatore si dhe njohjen shum\u00eb t\u00eb mir\u00eb t\u00eb ligjeve dhe procedurave tjera e b\u00ebn\u00eb ekip\u00ebn ton\u00eb kompetente p\u00ebr t\u00eb k\u00ebshilluar ligj\u00ebrisht t\u00eb gjith\u00eb ato biznese vendore dhe t\u00eb huaja q\u00eb kan\u00eb plane konkrete investive n\u00eb k\u00ebto fusha.<\/h5>\n<p>Kosova \u00ebsht\u00eb Pal\u00eb Kontraktuese e Traktatit t\u00eb Komunitetit t\u00eb Energjis\u00eb (TKE). EnCt \u00ebsht\u00eb nj\u00eb organizat\u00eb nd\u00ebrkomb\u00ebtare e p\u00ebrfaq\u00ebsuar nga Komisioni Evropian i p\u00ebrb\u00ebr\u00eb nga Shqip\u00ebria, Bosnja dhe Hercegovina, Gjeorgjia, Republika e Maqedonis\u00eb s\u00eb Veriut, Kosova, Moldavia, Mali i Zi, Serbia dhe Ukraina. Traktati i Komunitetit t\u00eb Energjis\u00eb u n\u00ebnshkrua n\u00eb vitin 2006, nd\u00ebrsa Armenia, Norvegjia dhe Turqia veprojn\u00eb si v\u00ebzhgues t\u00eb traktatit (Traktati i Komunitetit t\u00eb Energjis\u00eb, 2006). Si Pal\u00eb Kontraktuese Kosova ka marr\u00eb p\u00ebrsip\u00ebr nj\u00eb s\u00ebr\u00eb obligimesh q\u00eb rrjedhin nga TKE, duke p\u00ebrfshir\u00eb caqet e detyrueshme p\u00ebr pjes\u00ebmarrjen e Burimeve t\u00eb Rip\u00ebrt\u00ebritshme t\u00eb Energjis\u00eb (BRE) n\u00eb konsumin final t\u00eb energjis\u00eb. Konkretisht, Kosova \u00ebsht\u00eb e detyruar t\u00eb harmonizoj\u00eb legjislacionin e saj komb\u00ebtar me Acquis Communautaire t\u00eb BE-s\u00eb p\u00ebr Energjin\u00eb.<br \/>\nSi rezultat, ICL LAW ofron nj\u00eb gam\u00eb t\u00eb gjer\u00eb sh\u00ebrbimesh n\u00eb lidhje me Legjislacionin p\u00ebr Energjin\u00eb, dhe ve\u00e7an\u00ebrisht p\u00ebr: Energjin\u00eb e Rinovueshme (RE) dhe Efi\u00e7ienc\u00ebn e Energjis\u00eb (EE).<\/p>\n<p>Fusha e Minierave n\u00eb legjislacionin kosovar por edhe at\u00eb nd\u00ebrkomb\u00ebtar \u00ebsht\u00eb shum\u00eb komplekse k\u00ebshtu q\u00eb industria jon\u00eb minerare p\u00ebrfshin sh\u00ebrbimet ligjore n\u00eb vijim:<br \/>\n&#8211; Marrja dhe disponimi i pronave t\u00eb minier\u00ebs;<br \/>\n&#8211; Ekzaminimi i titullit mineral, opinionet dhe mjekimet;<br \/>\n&#8211; Marr\u00ebveshjet dhe mosmarr\u00ebveshjet p\u00ebr t\u00eb drejtat e autorit;<br \/>\n&#8211; Qirat\u00eb e minierave dhe marr\u00ebveshjet e sip\u00ebrmarrjes s\u00eb p\u00ebrbashk\u00ebt;<br \/>\n&#8211; Ndarje \u2013 konfliktet e p\u00ebrdorimit t\u00eb pron\u00ebs dhe sip\u00ebrfaqes<br \/>\n&#8211; Asistenc\u00eb p\u00ebr Pajtueshm\u00ebrin\u00eb Rregullative;<br \/>\n&#8211; Ankesat e veprimeve p\u00ebrmbarimore, gjoba dhe d\u00ebnime;<br \/>\n&#8211; Marrja dhe mbrojtja e lejeve p\u00ebr operacionet minerare.[\/vc_column_text][\/vc_column][vc_column width=&#8221;1\/4&#8243;]<div class=\"mkdf-tabs  mkdf-tabs-simple\">\n\t<ul class=\"mkdf-tabs-nav clearfix\">\n\t\t\t\t\t<li>\n\t\t\t\t\t\t\t\t\t<a href=\"#tab-sherbimet-te-tjera\">Sh\u00ebrbimet t\u00eb tjera<\/a>\n\t\t\t\t\t\t\t<\/li>\n\t\t\t<\/ul>\n\t<div class=\"mkdf-tab-container\" id=\"tab-sherbimet-te-tjera-821\"><a itemprop=\"url\" href=\"https:\/\/icl.legal\/index.php\/elements\/headings-2-2\/?preview=true\" target=\"_self\"  class=\"mkdf-btn mkdf-btn-medium mkdf-btn-outline\"  >\n    <span class=\"mkdf-btn-text\">Civile<\/span>\n\t<\/a><a itemprop=\"url\" href=\"https:\/\/icl.legal\/index.php\/elements\/headings\/\" target=\"_self\"  class=\"mkdf-btn mkdf-btn-medium mkdf-btn-outline\"  >\n    <span class=\"mkdf-btn-text\">Investimet e huaja dhe bashkim i korporatave<\/span>\n\t<\/a><a itemprop=\"url\" href=\"https:\/\/icl.legal\/index.php\/elements\/headings-2-2-2-2\/\" target=\"_self\"  class=\"mkdf-btn mkdf-btn-medium mkdf-btn-outline\"  >\n    <span class=\"mkdf-btn-text\">Kushtetuese dhe Asministrative<\/span>\n\t<\/a><a itemprop=\"url\" href=\"https:\/\/icl.legal\/index.php\/elements\/headings-2\/?preview=true\" target=\"_self\"  class=\"mkdf-btn mkdf-btn-medium mkdf-btn-outline\"  >\n    <span class=\"mkdf-btn-text\">Penale<\/span>\n\t<\/a><a itemprop=\"url\" href=\"https:\/\/icl.legal\/index.php\/elements\/headings-2-2-3-2\/?preview=true\" target=\"_self\"  class=\"mkdf-btn mkdf-btn-small mkdf-btn-outline\"  >\n    <span class=\"mkdf-btn-text\">E Drejta Sportive<\/span>\n\t<\/a><a itemprop=\"url\" href=\"https:\/\/icl.legal\/index.php\/elements\/headings-2-2-3-2-2\/?preview=true\" target=\"_self\"  class=\"mkdf-btn mkdf-btn-small mkdf-btn-outline\"  >\n    <span class=\"mkdf-btn-text\">Privatizimet, Shpron\u00ebsimet dhe PPP<\/span>\n\t<\/a><\/div><\/div>[\/vc_column][\/vc_row][\/vc_section]<\/p>\n","protected":false},"excerpt":{"rendered":"<p>[vc_section][vc_row][vc_column width=&#8221;1\/4&#8243;][vc_single_image image=&#8221;3963&#8243; img_size=&#8221;400&#215;300&#8243;][\/vc_column][vc_column width=&#8221;1\/2&#8243;][vc_column_text] Energji dhe Miniera Jan\u00eb fusha t\u00eb cilat konsiderohen si burime t\u00eb pashterrshme natyrore t\u00eb Kosov\u00ebs me nj\u00eb potencial t\u00eb t\u00ebrheqejes s\u00eb investimeve t\u00eb huaja. Licencimi dhe t\u00eb b\u00ebrit biznes n\u00eb k\u00ebto fusha \u00ebsht\u00eb e v\u00ebshtir\u00eb dhe e komplikuar. P\u00ebrmes ekspertiz\u00ebs son\u00eb disavje\u00e7are me autoritetet rregullatore si dhe njohjen shum\u00eb t\u00eb mir\u00eb t\u00eb ligjeve dhe procedurave tjera e b\u00ebn\u00eb ekip\u00ebn ton\u00eb kompetente p\u00ebr t\u00eb k\u00ebshilluar ligj\u00ebrisht t\u00eb gjith\u00eb ato biznese vendore dhe t\u00eb huaja q\u00eb kan\u00eb plane konkrete investive n\u00eb k\u00ebto fusha. Kosova \u00ebsht\u00eb Pal\u00eb Kontraktuese e Traktatit t\u00eb Komunitetit t\u00eb Energjis\u00eb (TKE). EnCt \u00ebsht\u00eb nj\u00eb [&hellip;]<\/p>\n","protected":false},"author":1,"featured_media":0,"parent":1085,"menu_order":0,"comment_status":"closed","ping_status":"closed","template":"full-width.php","meta":{"footnotes":""},"class_list":["post-3869","page","type-page","status-publish","hentry"],"yoast_head":"<!-- This site is optimized with the Yoast SEO plugin v21.0 - https:\/\/yoast.com\/wordpress\/plugins\/seo\/ -->\n<title>Energji, Miniera dhe Mjedisi - ICL Legal<\/title>\n<meta name=\"robots\" content=\"index, follow, max-snippet:-1, max-image-preview:large, max-video-preview:-1\" \/>\n<link rel=\"canonical\" href=\"https:\/\/icl.legal\/index.php\/elements\/headings-2-2-3\/\" \/>\n<meta property=\"og:locale\" content=\"en_US\" \/>\n<meta property=\"og:type\" content=\"article\" \/>\n<meta property=\"og:title\" content=\"Energji, Miniera dhe Mjedisi - ICL Legal\" \/>\n<meta property=\"og:description\" content=\"[vc_section][vc_row][vc_column width=&#8221;1\/4&#8243;][vc_single_image image=&#8221;3963&#8243; img_size=&#8221;400&#215;300&#8243;][\/vc_column][vc_column width=&#8221;1\/2&#8243;][vc_column_text] Energji dhe Miniera Jan\u00eb fusha t\u00eb cilat konsiderohen si burime t\u00eb pashterrshme natyrore t\u00eb Kosov\u00ebs me nj\u00eb potencial t\u00eb t\u00ebrheqejes s\u00eb investimeve t\u00eb huaja. Licencimi dhe t\u00eb b\u00ebrit biznes n\u00eb k\u00ebto fusha \u00ebsht\u00eb e v\u00ebshtir\u00eb dhe e komplikuar. P\u00ebrmes ekspertiz\u00ebs son\u00eb disavje\u00e7are me autoritetet rregullatore si dhe njohjen shum\u00eb t\u00eb mir\u00eb t\u00eb ligjeve dhe procedurave tjera e b\u00ebn\u00eb ekip\u00ebn ton\u00eb kompetente p\u00ebr t\u00eb k\u00ebshilluar ligj\u00ebrisht t\u00eb gjith\u00eb ato biznese vendore dhe t\u00eb huaja q\u00eb kan\u00eb plane konkrete investive n\u00eb k\u00ebto fusha. Kosova \u00ebsht\u00eb Pal\u00eb Kontraktuese e Traktatit t\u00eb Komunitetit t\u00eb Energjis\u00eb (TKE). EnCt \u00ebsht\u00eb nj\u00eb [&hellip;]\" \/>\n<meta property=\"og:url\" content=\"https:\/\/icl.legal\/index.php\/elements\/headings-2-2-3\/\" \/>\n<meta property=\"og:site_name\" content=\"ICL Legal\" \/>\n<meta property=\"article:modified_time\" content=\"2023-01-27T20:54:44+00:00\" \/>\n<meta name=\"twitter:card\" content=\"summary_large_image\" \/>\n<meta name=\"twitter:label1\" content=\"Est. reading time\" \/>\n\t<meta name=\"twitter:data1\" content=\"3 minutes\" \/>\n<script type=\"application\/ld+json\" class=\"yoast-schema-graph\">{\"@context\":\"https:\/\/schema.org\",\"@graph\":[{\"@type\":\"WebPage\",\"@id\":\"https:\/\/icl.legal\/index.php\/elements\/headings-2-2-3\/\",\"url\":\"https:\/\/icl.legal\/index.php\/elements\/headings-2-2-3\/\",\"name\":\"Energji, Miniera dhe Mjedisi - ICL Legal\",\"isPartOf\":{\"@id\":\"https:\/\/icl.legal\/#website\"},\"datePublished\":\"2018-03-05T13:53:22+00:00\",\"dateModified\":\"2023-01-27T20:54:44+00:00\",\"breadcrumb\":{\"@id\":\"https:\/\/icl.legal\/index.php\/elements\/headings-2-2-3\/#breadcrumb\"},\"inLanguage\":\"en-US\",\"potentialAction\":[{\"@type\":\"ReadAction\",\"target\":[\"https:\/\/icl.legal\/index.php\/elements\/headings-2-2-3\/\"]}]},{\"@type\":\"BreadcrumbList\",\"@id\":\"https:\/\/icl.legal\/index.php\/elements\/headings-2-2-3\/#breadcrumb\",\"itemListElement\":[{\"@type\":\"ListItem\",\"position\":1,\"name\":\"Home\",\"item\":\"https:\/\/icl.legal\/\"},{\"@type\":\"ListItem\",\"position\":2,\"name\":\"Elements\",\"item\":\"https:\/\/icl.legal\/index.php\/elements\/\"},{\"@type\":\"ListItem\",\"position\":3,\"name\":\"Energji, Miniera dhe Mjedisi\"}]},{\"@type\":\"WebSite\",\"@id\":\"https:\/\/icl.legal\/#website\",\"url\":\"https:\/\/icl.legal\/\",\"name\":\"ICL Legal\",\"description\":\"Justice\",\"potentialAction\":[{\"@type\":\"SearchAction\",\"target\":{\"@type\":\"EntryPoint\",\"urlTemplate\":\"https:\/\/icl.legal\/?s={search_term_string}\"},\"query-input\":\"required name=search_term_string\"}],\"inLanguage\":\"en-US\"}]}<\/script>\n<!-- \/ Yoast SEO plugin. -->","yoast_head_json":{"title":"Energji, Miniera dhe Mjedisi - ICL Legal","robots":{"index":"index","follow":"follow","max-snippet":"max-snippet:-1","max-image-preview":"max-image-preview:large","max-video-preview":"max-video-preview:-1"},"canonical":"https:\/\/icl.legal\/index.php\/elements\/headings-2-2-3\/","og_locale":"en_US","og_type":"article","og_title":"Energji, Miniera dhe Mjedisi - ICL Legal","og_description":"[vc_section][vc_row][vc_column width=&#8221;1\/4&#8243;][vc_single_image image=&#8221;3963&#8243; img_size=&#8221;400&#215;300&#8243;][\/vc_column][vc_column width=&#8221;1\/2&#8243;][vc_column_text] Energji dhe Miniera Jan\u00eb fusha t\u00eb cilat konsiderohen si burime t\u00eb pashterrshme natyrore t\u00eb Kosov\u00ebs me nj\u00eb potencial t\u00eb t\u00ebrheqejes s\u00eb investimeve t\u00eb huaja. Licencimi dhe t\u00eb b\u00ebrit biznes n\u00eb k\u00ebto fusha \u00ebsht\u00eb e v\u00ebshtir\u00eb dhe e komplikuar. P\u00ebrmes ekspertiz\u00ebs son\u00eb disavje\u00e7are me autoritetet rregullatore si dhe njohjen shum\u00eb t\u00eb mir\u00eb t\u00eb ligjeve dhe procedurave tjera e b\u00ebn\u00eb ekip\u00ebn ton\u00eb kompetente p\u00ebr t\u00eb k\u00ebshilluar ligj\u00ebrisht t\u00eb gjith\u00eb ato biznese vendore dhe t\u00eb huaja q\u00eb kan\u00eb plane konkrete investive n\u00eb k\u00ebto fusha. Kosova \u00ebsht\u00eb Pal\u00eb Kontraktuese e Traktatit t\u00eb Komunitetit t\u00eb Energjis\u00eb (TKE). EnCt \u00ebsht\u00eb nj\u00eb [&hellip;]","og_url":"https:\/\/icl.legal\/index.php\/elements\/headings-2-2-3\/","og_site_name":"ICL Legal","article_modified_time":"2023-01-27T20:54:44+00:00","twitter_card":"summary_large_image","twitter_misc":{"Est. reading time":"3 minutes"},"schema":{"@context":"https:\/\/schema.org","@graph":[{"@type":"WebPage","@id":"https:\/\/icl.legal\/index.php\/elements\/headings-2-2-3\/","url":"https:\/\/icl.legal\/index.php\/elements\/headings-2-2-3\/","name":"Energji, Miniera dhe Mjedisi - ICL Legal","isPartOf":{"@id":"https:\/\/icl.legal\/#website"},"datePublished":"2018-03-05T13:53:22+00:00","dateModified":"2023-01-27T20:54:44+00:00","breadcrumb":{"@id":"https:\/\/icl.legal\/index.php\/elements\/headings-2-2-3\/#breadcrumb"},"inLanguage":"en-US","potentialAction":[{"@type":"ReadAction","target":["https:\/\/icl.legal\/index.php\/elements\/headings-2-2-3\/"]}]},{"@type":"BreadcrumbList","@id":"https:\/\/icl.legal\/index.php\/elements\/headings-2-2-3\/#breadcrumb","itemListElement":[{"@type":"ListItem","position":1,"name":"Home","item":"https:\/\/icl.legal\/"},{"@type":"ListItem","position":2,"name":"Elements","item":"https:\/\/icl.legal\/index.php\/elements\/"},{"@type":"ListItem","position":3,"name":"Energji, Miniera dhe Mjedisi"}]},{"@type":"WebSite","@id":"https:\/\/icl.legal\/#website","url":"https:\/\/icl.legal\/","name":"ICL Legal","description":"Justice","potentialAction":[{"@type":"SearchAction","target":{"@type":"EntryPoint","urlTemplate":"https:\/\/icl.legal\/?s={search_term_string}"},"query-input":"required name=search_term_string"}],"inLanguage":"en-US"}]}},"_links":{"self":[{"href":"https:\/\/icl.legal\/index.php\/wp-json\/wp\/v2\/pages\/3869","targetHints":{"allow":["GET"]}}],"collection":[{"href":"https:\/\/icl.legal\/index.php\/wp-json\/wp\/v2\/pages"}],"about":[{"href":"https:\/\/icl.legal\/index.php\/wp-json\/wp\/v2\/types\/page"}],"author":[{"embeddable":true,"href":"https:\/\/icl.legal\/index.php\/wp-json\/wp\/v2\/users\/1"}],"replies":[{"embeddable":true,"href":"https:\/\/icl.legal\/index.php\/wp-json\/wp\/v2\/comments?post=3869"}],"version-history":[{"count":15,"href":"https:\/\/icl.legal\/index.php\/wp-json\/wp\/v2\/pages\/3869\/revisions"}],"predecessor-version":[{"id":4048,"href":"https:\/\/icl.legal\/index.php\/wp-json\/wp\/v2\/pages\/3869\/revisions\/4048"}],"up":[{"embeddable":true,"href":"https:\/\/icl.legal\/index.php\/wp-json\/wp\/v2\/pages\/1085"}],"wp:attachment":[{"href":"https:\/\/icl.legal\/index.php\/wp-json\/wp\/v2\/media?parent=3869"}],"curies":[{"name":"wp","href":"https:\/\/api.w.org\/{rel}","templated":true}]}}