{"id":3864,"date":"2018-03-05T13:53:22","date_gmt":"2018-03-05T13:53:22","guid":{"rendered":"https:\/\/icl.legal\/index.php\/elements\/headings-2-2\/"},"modified":"2022-07-22T14:44:45","modified_gmt":"2022-07-22T14:44:45","slug":"headings-2-2","status":"publish","type":"page","link":"https:\/\/icl.legal\/index.php\/elements\/headings-2-2\/","title":{"rendered":"E Drejta Civile"},"content":{"rendered":"<p>[vc_section][vc_row][vc_column width=&#8221;1\/4&#8243;][vc_single_image image=&#8221;3950&#8243; img_size=&#8221;400&#215;300&#8243;][\/vc_column][vc_column width=&#8221;1\/2&#8243;][vc_column_text]<\/p>\n<h4 class=\"mkdf-iwt-title\"><strong><span class=\"mkdf-iwt-title-text\">E drejta Civile<\/span><\/strong><\/h4>\n<div dir=\"auto\">\n<h5>Nd\u00ebr t\u00eb drejtat civile e drejta pron\u00ebsore dhe e drejta e banimit p\u00ebr shkak t\u00eb specifikave t\u00eb krijuara nga ndryshimet e shumta t\u00eb legjislacionit dhe rethanave t\u00eb viteve 90-ta, jan\u00eb t\u00eb drejta t\u00eb r\u00ebnd\u00ebsis\u00eb s\u00eb ve\u00e7ant\u00eb n\u00eb Kosov\u00ebn e pas luft\u00ebs. Ekspertiza shum\u00ebvje\u00e7are n\u00eb trajtimin dhe zgjidhjen e qindra rasteve e b\u00ebn\u00eb ekip\u00ebn ton\u00eb kompetente p\u00ebr t\u00eb zgjidhur rastet m\u00eb komplekse pron\u00ebsore dhe t\u00eb banimit.<\/h5>\n<h5>Problemet e shumta t\u00eb trashegimis\u00eb komplekse n\u00eb rastet kontesutuese trajtohen me shpejt\u00ebsi nga ekipi yn\u00eb.<\/h5>\n<h5>Organizimi i bashk\u00ebpronar\u00ebve dhe mbrojtja e t\u00eb drejtave t\u00eb tyre t\u00eb bashk\u00ebpron\u00ebsis\u00eb n\u00eb objektet afariste dhe banesore, themelimi dhe funksionalizmi i shoqatave t\u00eb banor\u00ebve \u00ebsht\u00eb fush\u00ebveprim specifik i ekip\u00ebs ton\u00eb.<\/h5>\n<\/div>\n<div dir=\"auto\"><\/div>\n<p>[\/vc_column_text][\/vc_column][vc_column width=&#8221;1\/4&#8243;]<div class=\"mkdf-tabs  mkdf-tabs-simple\">\n\t<ul class=\"mkdf-tabs-nav clearfix\">\n\t\t\t\t\t<li>\n\t\t\t\t\t\t\t\t\t<a href=\"#tab-sherbimet-te-tjera\">Sh\u00ebrbimet t\u00eb tjera<\/a>\n\t\t\t\t\t\t\t<\/li>\n\t\t\t<\/ul>\n\t<div class=\"mkdf-tab-container\" id=\"tab-sherbimet-te-tjera-695\"><a itemprop=\"url\" href=\"https:\/\/icl.legal\/index.php\/elements\/headings-2\/?preview=true\" target=\"_self\"  class=\"mkdf-btn mkdf-btn-medium mkdf-btn-outline\"  >\n    <span class=\"mkdf-btn-text\">Penale<\/span>\n\t<\/a><a itemprop=\"url\" href=\"https:\/\/icl.legal\/index.php\/elements\/headings\/\" target=\"_self\"  class=\"mkdf-btn mkdf-btn-medium mkdf-btn-outline\"  >\n    <span class=\"mkdf-btn-text\">Investimet e huaja dhe bashkim i korporatave<\/span>\n\t<\/a><a itemprop=\"url\" href=\"https:\/\/icl.legal\/index.php\/elements\/headings-2-2-2-2\/\" target=\"_self\"  class=\"mkdf-btn mkdf-btn-medium mkdf-btn-outline\"  >\n    <span class=\"mkdf-btn-text\">Kushtetuese dhe Asministrative<\/span>\n\t<\/a><a itemprop=\"url\" href=\"https:\/\/icl.legal\/index.php\/elements\/headings-2-2-3\/?preview=true\" target=\"_self\"  class=\"mkdf-btn mkdf-btn-medium mkdf-btn-outline\"  >\n    <span class=\"mkdf-btn-text\">Energjia dhe Minierat<\/span>\n\t<\/a><a itemprop=\"url\" href=\"https:\/\/icl.legal\/index.php\/elements\/headings-2-2-3-2\/?preview=true\" target=\"_self\"  class=\"mkdf-btn mkdf-btn-small mkdf-btn-outline\"  >\n    <span class=\"mkdf-btn-text\">E Drejta Sportive<\/span>\n\t<\/a><a itemprop=\"url\" href=\"https:\/\/icl.legal\/index.php\/elements\/headings-2-2-3-2-2\/?preview=true\" target=\"_self\"  class=\"mkdf-btn mkdf-btn-small mkdf-btn-outline\"  >\n    <span class=\"mkdf-btn-text\">Privatizim, Shpron\u00ebsime, Koncesione dhe Partneritete Publiko Private<\/span>\n\t<\/a><\/div><\/div>[\/vc_column][\/vc_row][\/vc_section]<\/p>\n","protected":false},"excerpt":{"rendered":"<p>[vc_section][vc_row][vc_column width=&#8221;1\/4&#8243;][vc_single_image image=&#8221;3950&#8243; img_size=&#8221;400&#215;300&#8243;][\/vc_column][vc_column width=&#8221;1\/2&#8243;][vc_column_text] E drejta Civile Nd\u00ebr t\u00eb drejtat civile e drejta pron\u00ebsore dhe e drejta e banimit p\u00ebr shkak t\u00eb specifikave t\u00eb krijuara nga ndryshimet e shumta t\u00eb legjislacionit dhe rethanave t\u00eb viteve 90-ta, jan\u00eb t\u00eb drejta t\u00eb r\u00ebnd\u00ebsis\u00eb s\u00eb ve\u00e7ant\u00eb n\u00eb Kosov\u00ebn e pas luft\u00ebs. Ekspertiza shum\u00ebvje\u00e7are n\u00eb trajtimin dhe zgjidhjen e qindra rasteve e b\u00ebn\u00eb ekip\u00ebn ton\u00eb kompetente p\u00ebr t\u00eb zgjidhur rastet m\u00eb komplekse pron\u00ebsore dhe t\u00eb banimit. Problemet e shumta t\u00eb trashegimis\u00eb komplekse n\u00eb rastet kontesutuese trajtohen me shpejt\u00ebsi nga ekipi yn\u00eb. Organizimi i bashk\u00ebpronar\u00ebve dhe mbrojtja e t\u00eb drejtave t\u00eb tyre t\u00eb bashk\u00ebpron\u00ebsis\u00eb [&hellip;]<\/p>\n","protected":false},"author":1,"featured_media":0,"parent":1085,"menu_order":0,"comment_status":"closed","ping_status":"closed","template":"full-width.php","meta":{"footnotes":""},"class_list":["post-3864","page","type-page","status-publish","hentry"],"yoast_head":"<!-- This site is optimized with the Yoast SEO plugin v21.0 - https:\/\/yoast.com\/wordpress\/plugins\/seo\/ -->\n<title>E Drejta Civile - ICL Legal<\/title>\n<meta name=\"robots\" content=\"index, follow, max-snippet:-1, max-image-preview:large, max-video-preview:-1\" \/>\n<link rel=\"canonical\" href=\"https:\/\/icl.legal\/index.php\/elements\/headings-2-2\/\" \/>\n<meta property=\"og:locale\" content=\"en_US\" \/>\n<meta property=\"og:type\" content=\"article\" \/>\n<meta property=\"og:title\" content=\"E Drejta Civile - ICL Legal\" \/>\n<meta property=\"og:description\" content=\"[vc_section][vc_row][vc_column width=&#8221;1\/4&#8243;][vc_single_image image=&#8221;3950&#8243; img_size=&#8221;400&#215;300&#8243;][\/vc_column][vc_column width=&#8221;1\/2&#8243;][vc_column_text] E drejta Civile Nd\u00ebr t\u00eb drejtat civile e drejta pron\u00ebsore dhe e drejta e banimit p\u00ebr shkak t\u00eb specifikave t\u00eb krijuara nga ndryshimet e shumta t\u00eb legjislacionit dhe rethanave t\u00eb viteve 90-ta, jan\u00eb t\u00eb drejta t\u00eb r\u00ebnd\u00ebsis\u00eb s\u00eb ve\u00e7ant\u00eb n\u00eb Kosov\u00ebn e pas luft\u00ebs. Ekspertiza shum\u00ebvje\u00e7are n\u00eb trajtimin dhe zgjidhjen e qindra rasteve e b\u00ebn\u00eb ekip\u00ebn ton\u00eb kompetente p\u00ebr t\u00eb zgjidhur rastet m\u00eb komplekse pron\u00ebsore dhe t\u00eb banimit. Problemet e shumta t\u00eb trashegimis\u00eb komplekse n\u00eb rastet kontesutuese trajtohen me shpejt\u00ebsi nga ekipi yn\u00eb. Organizimi i bashk\u00ebpronar\u00ebve dhe mbrojtja e t\u00eb drejtave t\u00eb tyre t\u00eb bashk\u00ebpron\u00ebsis\u00eb [&hellip;]\" \/>\n<meta property=\"og:url\" content=\"https:\/\/icl.legal\/index.php\/elements\/headings-2-2\/\" \/>\n<meta property=\"og:site_name\" content=\"ICL Legal\" \/>\n<meta property=\"article:modified_time\" content=\"2022-07-22T14:44:45+00:00\" \/>\n<meta name=\"twitter:card\" content=\"summary_large_image\" \/>\n<meta name=\"twitter:label1\" content=\"Est. reading time\" \/>\n\t<meta name=\"twitter:data1\" content=\"2 minutes\" \/>\n<script type=\"application\/ld+json\" class=\"yoast-schema-graph\">{\"@context\":\"https:\/\/schema.org\",\"@graph\":[{\"@type\":\"WebPage\",\"@id\":\"https:\/\/icl.legal\/index.php\/elements\/headings-2-2\/\",\"url\":\"https:\/\/icl.legal\/index.php\/elements\/headings-2-2\/\",\"name\":\"E Drejta Civile - ICL Legal\",\"isPartOf\":{\"@id\":\"https:\/\/icl.legal\/#website\"},\"datePublished\":\"2018-03-05T13:53:22+00:00\",\"dateModified\":\"2022-07-22T14:44:45+00:00\",\"breadcrumb\":{\"@id\":\"https:\/\/icl.legal\/index.php\/elements\/headings-2-2\/#breadcrumb\"},\"inLanguage\":\"en-US\",\"potentialAction\":[{\"@type\":\"ReadAction\",\"target\":[\"https:\/\/icl.legal\/index.php\/elements\/headings-2-2\/\"]}]},{\"@type\":\"BreadcrumbList\",\"@id\":\"https:\/\/icl.legal\/index.php\/elements\/headings-2-2\/#breadcrumb\",\"itemListElement\":[{\"@type\":\"ListItem\",\"position\":1,\"name\":\"Home\",\"item\":\"https:\/\/icl.legal\/\"},{\"@type\":\"ListItem\",\"position\":2,\"name\":\"Elements\",\"item\":\"https:\/\/icl.legal\/index.php\/elements\/\"},{\"@type\":\"ListItem\",\"position\":3,\"name\":\"E Drejta Civile\"}]},{\"@type\":\"WebSite\",\"@id\":\"https:\/\/icl.legal\/#website\",\"url\":\"https:\/\/icl.legal\/\",\"name\":\"ICL Legal\",\"description\":\"Justice\",\"potentialAction\":[{\"@type\":\"SearchAction\",\"target\":{\"@type\":\"EntryPoint\",\"urlTemplate\":\"https:\/\/icl.legal\/?s={search_term_string}\"},\"query-input\":\"required name=search_term_string\"}],\"inLanguage\":\"en-US\"}]}<\/script>\n<!-- \/ Yoast SEO plugin. -->","yoast_head_json":{"title":"E Drejta Civile - ICL Legal","robots":{"index":"index","follow":"follow","max-snippet":"max-snippet:-1","max-image-preview":"max-image-preview:large","max-video-preview":"max-video-preview:-1"},"canonical":"https:\/\/icl.legal\/index.php\/elements\/headings-2-2\/","og_locale":"en_US","og_type":"article","og_title":"E Drejta Civile - ICL Legal","og_description":"[vc_section][vc_row][vc_column width=&#8221;1\/4&#8243;][vc_single_image image=&#8221;3950&#8243; img_size=&#8221;400&#215;300&#8243;][\/vc_column][vc_column width=&#8221;1\/2&#8243;][vc_column_text] E drejta Civile Nd\u00ebr t\u00eb drejtat civile e drejta pron\u00ebsore dhe e drejta e banimit p\u00ebr shkak t\u00eb specifikave t\u00eb krijuara nga ndryshimet e shumta t\u00eb legjislacionit dhe rethanave t\u00eb viteve 90-ta, jan\u00eb t\u00eb drejta t\u00eb r\u00ebnd\u00ebsis\u00eb s\u00eb ve\u00e7ant\u00eb n\u00eb Kosov\u00ebn e pas luft\u00ebs. Ekspertiza shum\u00ebvje\u00e7are n\u00eb trajtimin dhe zgjidhjen e qindra rasteve e b\u00ebn\u00eb ekip\u00ebn ton\u00eb kompetente p\u00ebr t\u00eb zgjidhur rastet m\u00eb komplekse pron\u00ebsore dhe t\u00eb banimit. Problemet e shumta t\u00eb trashegimis\u00eb komplekse n\u00eb rastet kontesutuese trajtohen me shpejt\u00ebsi nga ekipi yn\u00eb. Organizimi i bashk\u00ebpronar\u00ebve dhe mbrojtja e t\u00eb drejtave t\u00eb tyre t\u00eb bashk\u00ebpron\u00ebsis\u00eb [&hellip;]","og_url":"https:\/\/icl.legal\/index.php\/elements\/headings-2-2\/","og_site_name":"ICL Legal","article_modified_time":"2022-07-22T14:44:45+00:00","twitter_card":"summary_large_image","twitter_misc":{"Est. reading time":"2 minutes"},"schema":{"@context":"https:\/\/schema.org","@graph":[{"@type":"WebPage","@id":"https:\/\/icl.legal\/index.php\/elements\/headings-2-2\/","url":"https:\/\/icl.legal\/index.php\/elements\/headings-2-2\/","name":"E Drejta Civile - ICL Legal","isPartOf":{"@id":"https:\/\/icl.legal\/#website"},"datePublished":"2018-03-05T13:53:22+00:00","dateModified":"2022-07-22T14:44:45+00:00","breadcrumb":{"@id":"https:\/\/icl.legal\/index.php\/elements\/headings-2-2\/#breadcrumb"},"inLanguage":"en-US","potentialAction":[{"@type":"ReadAction","target":["https:\/\/icl.legal\/index.php\/elements\/headings-2-2\/"]}]},{"@type":"BreadcrumbList","@id":"https:\/\/icl.legal\/index.php\/elements\/headings-2-2\/#breadcrumb","itemListElement":[{"@type":"ListItem","position":1,"name":"Home","item":"https:\/\/icl.legal\/"},{"@type":"ListItem","position":2,"name":"Elements","item":"https:\/\/icl.legal\/index.php\/elements\/"},{"@type":"ListItem","position":3,"name":"E Drejta Civile"}]},{"@type":"WebSite","@id":"https:\/\/icl.legal\/#website","url":"https:\/\/icl.legal\/","name":"ICL Legal","description":"Justice","potentialAction":[{"@type":"SearchAction","target":{"@type":"EntryPoint","urlTemplate":"https:\/\/icl.legal\/?s={search_term_string}"},"query-input":"required name=search_term_string"}],"inLanguage":"en-US"}]}},"_links":{"self":[{"href":"https:\/\/icl.legal\/index.php\/wp-json\/wp\/v2\/pages\/3864","targetHints":{"allow":["GET"]}}],"collection":[{"href":"https:\/\/icl.legal\/index.php\/wp-json\/wp\/v2\/pages"}],"about":[{"href":"https:\/\/icl.legal\/index.php\/wp-json\/wp\/v2\/types\/page"}],"author":[{"embeddable":true,"href":"https:\/\/icl.legal\/index.php\/wp-json\/wp\/v2\/users\/1"}],"replies":[{"embeddable":true,"href":"https:\/\/icl.legal\/index.php\/wp-json\/wp\/v2\/comments?post=3864"}],"version-history":[{"count":15,"href":"https:\/\/icl.legal\/index.php\/wp-json\/wp\/v2\/pages\/3864\/revisions"}],"predecessor-version":[{"id":4021,"href":"https:\/\/icl.legal\/index.php\/wp-json\/wp\/v2\/pages\/3864\/revisions\/4021"}],"up":[{"embeddable":true,"href":"https:\/\/icl.legal\/index.php\/wp-json\/wp\/v2\/pages\/1085"}],"wp:attachment":[{"href":"https:\/\/icl.legal\/index.php\/wp-json\/wp\/v2\/media?parent=3864"}],"curies":[{"name":"wp","href":"https:\/\/api.w.org\/{rel}","templated":true}]}}